{"id":11,"date":"2024-07-16T19:10:29","date_gmt":"2024-07-16T19:10:29","guid":{"rendered":"https:\/\/xlencuentroriges.corpcerus.org\/?page_id=11"},"modified":"2024-09-03T21:09:36","modified_gmt":"2024-09-03T21:09:36","slug":"acerca-de","status":"publish","type":"page","link":"https:\/\/xlencuentroriges.corpcerus.org\/index.php\/acerca-de\/","title":{"rendered":"Acerca de"},"content":{"rendered":"\n<div class=\"wp-block-cover alignfull\" style=\"min-height:320px;aspect-ratio:unset;\"><span aria-hidden=\"true\" class=\"wp-block-cover__background has-nv-site-bg-background-color has-background-dim-100 has-background-dim\"><\/span><div class=\"wp-block-cover__inner-container is-layout-flow wp-block-cover-is-layout-flow\">\n<div class=\"wp-block-group\" style=\"padding-right:var(--wp--preset--spacing--30);padding-left:var(--wp--preset--spacing--30)\"><div class=\"wp-block-group__inner-container is-layout-flow wp-block-group-is-layout-flow\">\n<h1 class=\"wp-block-heading has-text-align-left has-neve-text-color-color has-text-color\">XI Encuentro internacional de Gesti\u00f3n de Conocimiento e Investigaci\u00f3n RIGES 2023 &#8211; 2024<\/h1>\n<\/div><\/div>\n<\/div><\/div>\n\n\n\n<figure class=\"wp-block-image alignwide size-full\"><img loading=\"lazy\" decoding=\"async\" width=\"545\" height=\"169\" src=\"https:\/\/xlencuentroriges.corpcerus.org\/wp-content\/uploads\/2024\/08\/XIE.png\" alt=\"\" class=\"wp-image-108\" srcset=\"https:\/\/xlencuentroriges.corpcerus.org\/wp-content\/uploads\/2024\/08\/XIE.png 545w, https:\/\/xlencuentroriges.corpcerus.org\/wp-content\/uploads\/2024\/08\/XIE-300x93.png 300w\" sizes=\"(max-width: 545px) 100vw, 545px\" \/><\/figure>\n\n\n\n<div class=\"wp-block-cover alignfull\" style=\"min-height:600px;aspect-ratio:unset;\"><span aria-hidden=\"true\" class=\"wp-block-cover__background has-nv-light-bg-background-color has-background-dim-100 has-background-dim\"><\/span><div class=\"wp-block-cover__inner-container is-layout-flow wp-block-cover-is-layout-flow\">\n<div class=\"wp-block-group\"><div class=\"wp-block-group__inner-container is-layout-flow wp-block-group-is-layout-flow\">\n<div class=\"wp-block-columns are-vertically-aligned-center has-neve-text-color-color has-text-color is-layout-flex wp-container-core-columns-is-layout-1 wp-block-columns-is-layout-flex\">\n<div class=\"wp-block-column is-vertically-aligned-center is-layout-flow wp-block-column-is-layout-flow\" style=\"padding-right:var(--wp--preset--spacing--30);padding-left:var(--wp--preset--spacing--30);flex-basis:50%\">\n<figure class=\"wp-block-image size-full\"><img loading=\"lazy\" decoding=\"async\" width=\"500\" height=\"500\" src=\"https:\/\/xlencuentroriges.corpcerus.org\/wp-content\/uploads\/2024\/07\/Nuevas-Ciudadanias-Ciudadanias-para-el-Siglo-XXI.png\" alt=\"\" class=\"wp-image-46\" srcset=\"https:\/\/xlencuentroriges.corpcerus.org\/wp-content\/uploads\/2024\/07\/Nuevas-Ciudadanias-Ciudadanias-para-el-Siglo-XXI.png 500w, https:\/\/xlencuentroriges.corpcerus.org\/wp-content\/uploads\/2024\/07\/Nuevas-Ciudadanias-Ciudadanias-para-el-Siglo-XXI-300x300.png 300w, https:\/\/xlencuentroriges.corpcerus.org\/wp-content\/uploads\/2024\/07\/Nuevas-Ciudadanias-Ciudadanias-para-el-Siglo-XXI-150x150.png 150w\" sizes=\"(max-width: 500px) 100vw, 500px\" \/><\/figure>\n<\/div>\n\n\n\n<div class=\"wp-block-column is-vertically-aligned-center is-layout-flow wp-block-column-is-layout-flow\" style=\"padding-top:0;padding-right:var(--wp--preset--spacing--30);padding-bottom:0;padding-left:var(--wp--preset--spacing--30);flex-basis:50%\">\n<div style=\"height:100px\" aria-hidden=\"true\" class=\"wp-block-spacer\"><\/div>\n\n\n\n<h2 class=\"wp-block-heading has-neve-text-color-color has-text-color\">Nuevas Ciudadan\u00edas<\/h2>\n\n\n\n<h3 class=\"wp-block-heading\">&#8220;Ciudadan\u00edas para el Siglo XXI&#8221;<\/h3>\n\n\n\n<p>El <strong>XI Encuentro Internacional de Gesti\u00f3n de Conocimiento e Investigaci\u00f3n<\/strong>, busca sentar las bases para el intercambio de experiencias acad\u00e9micas y pr\u00e1cticas en los escenarios locales, regionales, nacionales e internacionales y la realizaci\u00f3n de trabajos mancomunados entre los pa\u00edses de Latinoam\u00e9rica y del Caribe, en donde la comunidad Cient\u00edfica \u2013 Acad\u00e9mica y la Sociedad en su conjunto, proponen un di\u00e1logo de saberes que permitan construir y producir estrategias para abordar la idea <strong><em>Nuevas Ciudadan\u00edas \u2013 Ciudadan\u00edas para el Siglo XXI<\/em><\/strong>, y que permitan el reconocimiento de experiencias en torno a otras formas de comprender la <em>dignidad intr\u00ednseca y de los derechos iguales e inalienables de todos los miembros de la familia humana<\/em>, no s\u00f3lo en los escenarios naturales de la academia, sino de las culturas y los procesos humanos en s\u00ed mismos, identificadas por sus impactos y factores de transformaci\u00f3n de contextos.<\/p>\n<\/div>\n<\/div>\n<\/div><\/div>\n<\/div><\/div>\n\n\n\n<div style=\"height:100px\" aria-hidden=\"true\" class=\"wp-block-spacer\"><\/div>\n\n\n<div class=\"wp-block-image\">\n<figure class=\"aligncenter size-large\"><img loading=\"lazy\" decoding=\"async\" width=\"1024\" height=\"1024\" src=\"https:\/\/xlencuentroriges.corpcerus.org\/wp-content\/uploads\/2024\/08\/POST-ENCUENTRO-RIGES-GUADALAJARA-1-1024x1024.jpg\" alt=\"\" class=\"wp-image-109\" srcset=\"https:\/\/xlencuentroriges.corpcerus.org\/wp-content\/uploads\/2024\/08\/POST-ENCUENTRO-RIGES-GUADALAJARA-1-1024x1024.jpg 1024w, https:\/\/xlencuentroriges.corpcerus.org\/wp-content\/uploads\/2024\/08\/POST-ENCUENTRO-RIGES-GUADALAJARA-1-300x300.jpg 300w, https:\/\/xlencuentroriges.corpcerus.org\/wp-content\/uploads\/2024\/08\/POST-ENCUENTRO-RIGES-GUADALAJARA-1-150x150.jpg 150w, https:\/\/xlencuentroriges.corpcerus.org\/wp-content\/uploads\/2024\/08\/POST-ENCUENTRO-RIGES-GUADALAJARA-1-768x768.jpg 768w, https:\/\/xlencuentroriges.corpcerus.org\/wp-content\/uploads\/2024\/08\/POST-ENCUENTRO-RIGES-GUADALAJARA-1.jpg 1280w\" sizes=\"(max-width: 1024px) 100vw, 1024px\" \/><\/figure><\/div>\n\n\n<div style=\"height:100px\" aria-hidden=\"true\" class=\"wp-block-spacer\"><\/div>\n\n\n\n<h2 class=\"wp-block-heading\">Objetos de Estudio<\/h2>\n\n\n\n<div style=\"height:100px\" aria-hidden=\"true\" class=\"wp-block-spacer\"><\/div>\n\n\n\n<div class=\"wp-block-columns is-layout-flex wp-container-core-columns-is-layout-2 wp-block-columns-is-layout-flex\">\n<div class=\"wp-block-column is-vertically-aligned-center is-layout-flow wp-block-column-is-layout-flow\" style=\"flex-basis:33.33%\">\n<h4 class=\"wp-block-heading has-text-align-center\"><strong><mark style=\"background-color:rgba(0, 0, 0, 0)\" class=\"has-inline-color has-neve-text-color-color\">Derechos Humanos, Justicia Social e Inclusi\u00f3n (Dignidad Humana):<\/mark><\/strong><\/h4>\n<\/div>\n\n\n\n<div class=\"wp-block-column is-layout-flow wp-block-column-is-layout-flow\" style=\"flex-basis:66.66%\">\n<p>El estudio y an\u00e1lisis de los principios de los derechos humanos y la justicia social, la igualdad, la no discriminaci\u00f3n y la promoci\u00f3n de la dignidad humana; desde la mirada de los marcos legales, pol\u00edticas p\u00fablicas y desaf\u00edos actuales en la protecci\u00f3n de los derechos fundamentales de las personas.<\/p>\n<\/div>\n<\/div>\n\n\n\n<div style=\"height:100px\" aria-hidden=\"true\" class=\"wp-block-spacer\"><\/div>\n\n\n\n<div class=\"wp-block-columns is-layout-flex wp-container-core-columns-is-layout-3 wp-block-columns-is-layout-flex\">\n<div class=\"wp-block-column is-layout-flow wp-block-column-is-layout-flow\" style=\"flex-basis:66.66%\">\n<p>La sostenibilidad ambiental y la gesti\u00f3n de los recursos naturales se centra en la interconexi\u00f3n entre la sostenibilidad y los derechos humanos, asegurar que las acciones y pol\u00edticas relacionadas con el medio ambiente sean coherentes con la protecci\u00f3n y promoci\u00f3n de los derechos humanos en torno al cambio clim\u00e1tico, la conservaci\u00f3n de la biodiversidad y la adopci\u00f3n de pr\u00e1cticas sostenibles desde los enfoques multidisciplinarios y estrategias para promover la sostenibilidad global y el derecho a un ambiente sano y digno<\/p>\n<\/div>\n\n\n\n<div class=\"wp-block-column is-vertically-aligned-center is-layout-flow wp-block-column-is-layout-flow\" style=\"flex-basis:33.33%\">\n<h4 class=\"wp-block-heading\">: <strong>Sostenibilidad y Medio Ambiente<\/strong><\/h4>\n<\/div>\n<\/div>\n\n\n\n<div style=\"height:100px\" aria-hidden=\"true\" class=\"wp-block-spacer\"><\/div>\n\n\n\n<div class=\"wp-block-columns is-layout-flex wp-container-core-columns-is-layout-4 wp-block-columns-is-layout-flex\">\n<div class=\"wp-block-column is-vertically-aligned-center is-layout-flow wp-block-column-is-layout-flow\" style=\"flex-basis:33.33%\">\n<h4 class=\"wp-block-heading\"><strong>Responsabilidad Social y Solidaridad Internacional:<\/strong><\/h4>\n<\/div>\n\n\n\n<div class=\"wp-block-column is-layout-flow wp-block-column-is-layout-flow\" style=\"flex-basis:66.66%\">\n<p>Las organizaciones, gobiernos y ciudadanos pueden contribuir al bienestar global y al desarrollo sostenible, pr\u00e1cticas de responsabilidad corporativa, cooperaci\u00f3n internacional y acciones para abordar desaf\u00edos globales.<\/p>\n<\/div>\n<\/div>\n\n\n\n<div style=\"height:100px\" aria-hidden=\"true\" class=\"wp-block-spacer\"><\/div>\n\n\n\n<div class=\"wp-block-columns is-layout-flex wp-container-core-columns-is-layout-5 wp-block-columns-is-layout-flex\">\n<div class=\"wp-block-column is-layout-flow wp-block-column-is-layout-flow\" style=\"flex-basis:66.66%\">\n<p>La capacidad de los individuos para participar de manera segura, \u00e9tica y responsable en la sociedad digital &#8211; ciudadan\u00eda en l\u00ednea &#8211; ciudadan\u00eda digital responsable, implica el uso adecuado de la tecnolog\u00eda, especialmente de Internet, redes sociales e inteligencias artificiales (IA) para comunicarse, acceder a informaci\u00f3n, tomar decisiones informadas, participar en actividades&nbsp;en&nbsp;l\u00ednea e interactuar en planos de realidad virtual con IA.<\/p>\n<\/div>\n\n\n\n<div class=\"wp-block-column is-vertically-aligned-center is-layout-flow wp-block-column-is-layout-flow\" style=\"flex-basis:33.33%\">\n<h4 class=\"wp-block-heading\">: <strong>Ciudadan\u00eda Digital y\/o Cibersociedades<\/strong><\/h4>\n<\/div>\n<\/div>\n\n\n\n<div style=\"height:100px\" aria-hidden=\"true\" class=\"wp-block-spacer\"><\/div>\n\n\n\n<h1 class=\"wp-block-heading\">Agenda<\/h1>\n\n\n\n<div class=\"wp-block-columns is-layout-flex wp-container-core-columns-is-layout-6 wp-block-columns-is-layout-flex\">\n<div class=\"wp-block-column is-layout-flow wp-block-column-is-layout-flow\" style=\"flex-basis:25%\"><\/div>\n\n\n\n<div class=\"wp-block-column is-layout-flow wp-block-column-is-layout-flow\" style=\"flex-basis:50%\">\n<figure class=\"wp-block-image size-large\"><img loading=\"lazy\" decoding=\"async\" width=\"819\" height=\"1024\" src=\"https:\/\/xlencuentroriges.corpcerus.org\/wp-content\/uploads\/2024\/09\/CRONOGRAMA-DE-ACTIVIDADES-GUADALAJARA-SEP-2024-DIA-1-1-819x1024.png\" alt=\"\" class=\"wp-image-120\" srcset=\"https:\/\/xlencuentroriges.corpcerus.org\/wp-content\/uploads\/2024\/09\/CRONOGRAMA-DE-ACTIVIDADES-GUADALAJARA-SEP-2024-DIA-1-1-819x1024.png 819w, https:\/\/xlencuentroriges.corpcerus.org\/wp-content\/uploads\/2024\/09\/CRONOGRAMA-DE-ACTIVIDADES-GUADALAJARA-SEP-2024-DIA-1-1-240x300.png 240w, https:\/\/xlencuentroriges.corpcerus.org\/wp-content\/uploads\/2024\/09\/CRONOGRAMA-DE-ACTIVIDADES-GUADALAJARA-SEP-2024-DIA-1-1-768x960.png 768w, https:\/\/xlencuentroriges.corpcerus.org\/wp-content\/uploads\/2024\/09\/CRONOGRAMA-DE-ACTIVIDADES-GUADALAJARA-SEP-2024-DIA-1-1.png 1024w\" sizes=\"(max-width: 819px) 100vw, 819px\" \/><\/figure>\n<\/div>\n\n\n\n<div class=\"wp-block-column is-layout-flow wp-block-column-is-layout-flow\" style=\"flex-basis:25%\"><\/div>\n<\/div>\n\n\n\n<div class=\"wp-block-columns is-layout-flex wp-container-core-columns-is-layout-7 wp-block-columns-is-layout-flex\">\n<div class=\"wp-block-column is-layout-flow wp-block-column-is-layout-flow\">\n<figure class=\"wp-block-image size-large\"><img loading=\"lazy\" decoding=\"async\" width=\"819\" height=\"1024\" src=\"https:\/\/xlencuentroriges.corpcerus.org\/wp-content\/uploads\/2024\/09\/CRONOGRAMA-DE-ACTIVIDADES-GUADALAJARA-SEP-2024-DIA-2-819x1024.png\" alt=\"\" class=\"wp-image-121\" srcset=\"https:\/\/xlencuentroriges.corpcerus.org\/wp-content\/uploads\/2024\/09\/CRONOGRAMA-DE-ACTIVIDADES-GUADALAJARA-SEP-2024-DIA-2-819x1024.png 819w, https:\/\/xlencuentroriges.corpcerus.org\/wp-content\/uploads\/2024\/09\/CRONOGRAMA-DE-ACTIVIDADES-GUADALAJARA-SEP-2024-DIA-2-240x300.png 240w, https:\/\/xlencuentroriges.corpcerus.org\/wp-content\/uploads\/2024\/09\/CRONOGRAMA-DE-ACTIVIDADES-GUADALAJARA-SEP-2024-DIA-2-768x960.png 768w, https:\/\/xlencuentroriges.corpcerus.org\/wp-content\/uploads\/2024\/09\/CRONOGRAMA-DE-ACTIVIDADES-GUADALAJARA-SEP-2024-DIA-2.png 1024w\" sizes=\"(max-width: 819px) 100vw, 819px\" \/><\/figure>\n<\/div>\n\n\n\n<div class=\"wp-block-column is-layout-flow wp-block-column-is-layout-flow\">\n<figure class=\"wp-block-image size-large\"><img loading=\"lazy\" decoding=\"async\" width=\"819\" height=\"1024\" src=\"https:\/\/xlencuentroriges.corpcerus.org\/wp-content\/uploads\/2024\/09\/CRONOGRAMA-DE-ACTIVIDADES-GUADALAJARA-SEP-2024-DIA-3-819x1024.png\" alt=\"\" class=\"wp-image-122\" srcset=\"https:\/\/xlencuentroriges.corpcerus.org\/wp-content\/uploads\/2024\/09\/CRONOGRAMA-DE-ACTIVIDADES-GUADALAJARA-SEP-2024-DIA-3-819x1024.png 819w, https:\/\/xlencuentroriges.corpcerus.org\/wp-content\/uploads\/2024\/09\/CRONOGRAMA-DE-ACTIVIDADES-GUADALAJARA-SEP-2024-DIA-3-240x300.png 240w, https:\/\/xlencuentroriges.corpcerus.org\/wp-content\/uploads\/2024\/09\/CRONOGRAMA-DE-ACTIVIDADES-GUADALAJARA-SEP-2024-DIA-3-768x960.png 768w, https:\/\/xlencuentroriges.corpcerus.org\/wp-content\/uploads\/2024\/09\/CRONOGRAMA-DE-ACTIVIDADES-GUADALAJARA-SEP-2024-DIA-3.png 1024w\" sizes=\"(max-width: 819px) 100vw, 819px\" \/><\/figure>\n<\/div>\n<\/div>\n\n\n\n<div style=\"height:100px\" aria-hidden=\"true\" class=\"wp-block-spacer\"><\/div>\n","protected":false},"excerpt":{"rendered":"<p>Objetos de Estudio Derechos Humanos, Justicia Social e Inclusi\u00f3n (Dignidad Humana): El estudio y an\u00e1lisis de los principios de los derechos humanos y la justicia social, la igualdad, la no discriminaci\u00f3n y la promoci\u00f3n de la dignidad humana; desde la mirada de los marcos legales, pol\u00edticas p\u00fablicas y desaf\u00edos actuales en la protecci\u00f3n de los&hellip;&nbsp;<a href=\"https:\/\/xlencuentroriges.corpcerus.org\/index.php\/acerca-de\/\" class=\"\" rel=\"bookmark\">Leer m\u00e1s &raquo;<span class=\"screen-reader-text\">Acerca de<\/span><\/a><\/p>\n","protected":false},"author":1,"featured_media":0,"parent":0,"menu_order":0,"comment_status":"closed","ping_status":"closed","template":"","meta":{"neve_meta_sidebar":"","neve_meta_container":"","neve_meta_enable_content_width":"on","neve_meta_content_width":100,"neve_meta_title_alignment":"","neve_meta_author_avatar":"","neve_post_elements_order":"","neve_meta_disable_header":"","neve_meta_disable_footer":"","neve_meta_disable_title":"on","footnotes":""},"_links":{"self":[{"href":"https:\/\/xlencuentroriges.corpcerus.org\/index.php\/wp-json\/wp\/v2\/pages\/11"}],"collection":[{"href":"https:\/\/xlencuentroriges.corpcerus.org\/index.php\/wp-json\/wp\/v2\/pages"}],"about":[{"href":"https:\/\/xlencuentroriges.corpcerus.org\/index.php\/wp-json\/wp\/v2\/types\/page"}],"author":[{"embeddable":true,"href":"https:\/\/xlencuentroriges.corpcerus.org\/index.php\/wp-json\/wp\/v2\/users\/1"}],"replies":[{"embeddable":true,"href":"https:\/\/xlencuentroriges.corpcerus.org\/index.php\/wp-json\/wp\/v2\/comments?post=11"}],"version-history":[{"count":18,"href":"https:\/\/xlencuentroriges.corpcerus.org\/index.php\/wp-json\/wp\/v2\/pages\/11\/revisions"}],"predecessor-version":[{"id":123,"href":"https:\/\/xlencuentroriges.corpcerus.org\/index.php\/wp-json\/wp\/v2\/pages\/11\/revisions\/123"}],"wp:attachment":[{"href":"https:\/\/xlencuentroriges.corpcerus.org\/index.php\/wp-json\/wp\/v2\/media?parent=11"}],"curies":[{"name":"wp","href":"https:\/\/api.w.org\/{rel}","templated":true}]}}