{"id":10,"date":"2024-07-16T19:10:29","date_gmt":"2024-07-16T19:10:29","guid":{"rendered":"https:\/\/xlencuentroriges.corpcerus.org\/?page_id=10"},"modified":"2024-08-26T14:35:15","modified_gmt":"2024-08-26T14:35:15","slug":"inicio","status":"publish","type":"page","link":"https:\/\/xlencuentroriges.corpcerus.org\/","title":{"rendered":"Inicio"},"content":{"rendered":"\n<div class=\"wp-block-cover alignfull\" style=\"min-height:800px;aspect-ratio:unset;\"><span aria-hidden=\"true\" class=\"wp-block-cover__background has-background-dim-0 has-background-dim\"><\/span><img decoding=\"async\" class=\"wp-block-cover__image-background\" alt=\"\" src=\"https:\/\/xlencuentroriges.corpcerus.org\/wp-content\/themes\/neve\/assets\/img\/starter-content\/neve-hero-2.png\" style=\"object-position:50% 72%\" data-object-fit=\"cover\" data-object-position=\"50% 72%\"\/><div class=\"wp-block-cover__inner-container is-layout-flow wp-block-cover-is-layout-flow\">\n<div class=\"wp-block-columns are-vertically-aligned-center is-layout-flex wp-container-core-columns-is-layout-1 wp-block-columns-is-layout-flex\">\n<div class=\"wp-block-column is-vertically-aligned-center is-layout-flow wp-block-column-is-layout-flow\" style=\"padding-right:var(--wp--preset--spacing--20);padding-left:var(--wp--preset--spacing--20);flex-basis:65%\">\n<h1 class=\"wp-block-heading has-text-align-left has-nv-text-dark-bg-color has-text-color\">Red de Investigaci\u00f3n y Gesti\u00f3n de Conocimiento RIGES<\/h1>\n\n\n\n<p class=\"has-text-align-left has-nv-text-dark-bg-color has-text-color\" style=\"font-size:17px\">Comunidad acad\u00e9mica enfocada en la Construcci\u00f3n, Producci\u00f3n, Transferencia y Apropiaci\u00f3n Social de Conocimiento, desde diferentes l\u00f3gicas que involucran el hacer mismo de la investigaci\u00f3n y la redefinici\u00f3n de los espacios de interacci\u00f3n para la construcci\u00f3n de formas distintas de subjetividad individual y\/o colectiva, en los contextos base de la organizaci\u00f3n de lo humano: empresarial, educativo, industrial, ambiental.<\/p>\n\n\n\n<p><\/p>\n\n\n\n<div style=\"height:100px\" aria-hidden=\"true\" class=\"wp-block-spacer\"><\/div>\n<\/div>\n\n\n\n<div class=\"wp-block-column is-vertically-aligned-center is-layout-flow wp-block-column-is-layout-flow\">\n<figure class=\"wp-block-image size-large is-resized\"><img loading=\"lazy\" decoding=\"async\" width=\"939\" height=\"1024\" src=\"https:\/\/xlencuentroriges.corpcerus.org\/wp-content\/uploads\/2024\/08\/XI-Encuentro-5-939x1024.png\" alt=\"\" class=\"wp-image-62\" style=\"width:673px;height:auto\" srcset=\"https:\/\/xlencuentroriges.corpcerus.org\/wp-content\/uploads\/2024\/08\/XI-Encuentro-5-939x1024.png 939w, https:\/\/xlencuentroriges.corpcerus.org\/wp-content\/uploads\/2024\/08\/XI-Encuentro-5-275x300.png 275w, https:\/\/xlencuentroriges.corpcerus.org\/wp-content\/uploads\/2024\/08\/XI-Encuentro-5-768x838.png 768w, https:\/\/xlencuentroriges.corpcerus.org\/wp-content\/uploads\/2024\/08\/XI-Encuentro-5.png 990w\" sizes=\"(max-width: 939px) 100vw, 939px\" \/><\/figure>\n<\/div>\n<\/div>\n<\/div><\/div>\n\n\n\n<figure class=\"wp-block-image alignfull size-large\"><img loading=\"lazy\" decoding=\"async\" width=\"1024\" height=\"1024\" src=\"https:\/\/xlencuentroriges.corpcerus.org\/wp-content\/uploads\/2024\/08\/POST-ENCUENTRO-RIGES-GUADALAJARA-1024x1024.jpg\" alt=\"\" class=\"wp-image-103\" srcset=\"https:\/\/xlencuentroriges.corpcerus.org\/wp-content\/uploads\/2024\/08\/POST-ENCUENTRO-RIGES-GUADALAJARA-1024x1024.jpg 1024w, https:\/\/xlencuentroriges.corpcerus.org\/wp-content\/uploads\/2024\/08\/POST-ENCUENTRO-RIGES-GUADALAJARA-300x300.jpg 300w, https:\/\/xlencuentroriges.corpcerus.org\/wp-content\/uploads\/2024\/08\/POST-ENCUENTRO-RIGES-GUADALAJARA-150x150.jpg 150w, https:\/\/xlencuentroriges.corpcerus.org\/wp-content\/uploads\/2024\/08\/POST-ENCUENTRO-RIGES-GUADALAJARA-768x768.jpg 768w, https:\/\/xlencuentroriges.corpcerus.org\/wp-content\/uploads\/2024\/08\/POST-ENCUENTRO-RIGES-GUADALAJARA.jpg 1280w\" sizes=\"(max-width: 1024px) 100vw, 1024px\" \/><\/figure>\n\n\n\n<div style=\"height:100px\" aria-hidden=\"true\" class=\"wp-block-spacer\"><\/div>\n\n\n\n<h2 class=\"wp-block-heading has-text-align-center\">Gesti\u00f3n de Conocimiento desde y para la Investigaci\u00f3n<\/h2>\n\n\n\n<div class=\"wp-block-columns is-layout-flex wp-container-core-columns-is-layout-2 wp-block-columns-is-layout-flex\">\n<div class=\"wp-block-column neve-duotone is-layout-flow wp-block-column-is-layout-flow\" style=\"padding-right:var(--wp--preset--spacing--30);padding-left:var(--wp--preset--spacing--30)\"><div class=\"wp-block-image icon-style is-style-default\">\n<figure class=\"aligncenter size-full is-resized has-custom-border wp-duotone-unset-1\"><img loading=\"lazy\" decoding=\"async\" width=\"500\" height=\"500\" src=\"https:\/\/xlencuentroriges.corpcerus.org\/wp-content\/uploads\/2024\/08\/1.png\" alt=\"\" class=\"wp-image-70\" style=\"border-radius:0px;width:75px;height:auto\" title=\"\" srcset=\"https:\/\/xlencuentroriges.corpcerus.org\/wp-content\/uploads\/2024\/08\/1.png 500w, https:\/\/xlencuentroriges.corpcerus.org\/wp-content\/uploads\/2024\/08\/1-300x300.png 300w, https:\/\/xlencuentroriges.corpcerus.org\/wp-content\/uploads\/2024\/08\/1-150x150.png 150w\" sizes=\"(max-width: 500px) 100vw, 500px\" \/><\/figure><\/div>\n\n\n<p><\/p>\n\n\n\n<h3 class=\"wp-block-heading has-text-align-center has-neve-text-color-color has-text-color\">Aprehender<\/h3>\n\n\n\n<p class=\"has-text-align-center\">Las realidades sociales y culturales<\/p>\n\n\n\n<div style=\"height:20px\" aria-hidden=\"true\" class=\"wp-block-spacer\"><\/div>\n<\/div>\n\n\n\n<div class=\"wp-block-column is-layout-flow wp-block-column-is-layout-flow\" style=\"padding-right:var(--wp--preset--spacing--30);padding-left:var(--wp--preset--spacing--30)\"><div class=\"wp-block-image icon-style is-style-default\">\n<figure class=\"aligncenter size-full is-resized has-custom-border\"><img loading=\"lazy\" decoding=\"async\" width=\"500\" height=\"500\" src=\"https:\/\/xlencuentroriges.corpcerus.org\/wp-content\/uploads\/2024\/08\/2.png\" alt=\"\" class=\"wp-image-71\" style=\"border-radius:0px;width:75px;height:auto\" title=\"\" srcset=\"https:\/\/xlencuentroriges.corpcerus.org\/wp-content\/uploads\/2024\/08\/2.png 500w, https:\/\/xlencuentroriges.corpcerus.org\/wp-content\/uploads\/2024\/08\/2-300x300.png 300w, https:\/\/xlencuentroriges.corpcerus.org\/wp-content\/uploads\/2024\/08\/2-150x150.png 150w\" sizes=\"(max-width: 500px) 100vw, 500px\" \/><\/figure><\/div>\n\n\n<p><\/p>\n\n\n\n<h3 class=\"wp-block-heading has-text-align-center has-neve-text-color-color has-text-color\">Identificar<\/h3>\n\n\n\n<p class=\"has-text-align-center\">M\u00e9todos, procesos, estrategias para el aprendizaje<\/p>\n\n\n\n<div style=\"height:20px\" aria-hidden=\"true\" class=\"wp-block-spacer\"><\/div>\n<\/div>\n\n\n\n<div class=\"wp-block-column is-layout-flow wp-block-column-is-layout-flow\" style=\"padding-right:var(--wp--preset--spacing--30);padding-left:var(--wp--preset--spacing--30)\"><div class=\"wp-block-image icon-style is-style-default\">\n<figure class=\"aligncenter size-full is-resized has-custom-border wp-duotone-unset-2\"><img loading=\"lazy\" decoding=\"async\" width=\"500\" height=\"500\" src=\"https:\/\/xlencuentroriges.corpcerus.org\/wp-content\/uploads\/2024\/08\/4.png\" alt=\"\" class=\"wp-image-72\" style=\"border-radius:0px;width:77px;height:auto\" title=\"\" srcset=\"https:\/\/xlencuentroriges.corpcerus.org\/wp-content\/uploads\/2024\/08\/4.png 500w, https:\/\/xlencuentroriges.corpcerus.org\/wp-content\/uploads\/2024\/08\/4-300x300.png 300w, https:\/\/xlencuentroriges.corpcerus.org\/wp-content\/uploads\/2024\/08\/4-150x150.png 150w\" sizes=\"(max-width: 500px) 100vw, 500px\" \/><\/figure><\/div>\n\n\n<p><\/p>\n\n\n\n<h3 class=\"wp-block-heading has-text-align-center has-neve-text-color-color has-text-color\">Implementar<\/h3>\n\n\n\n<p class=\"has-text-align-center\">Uso del conocimiento para la resoluci\u00f3n de problemas<\/p>\n\n\n\n<div style=\"height:20px\" aria-hidden=\"true\" class=\"wp-block-spacer\"><\/div>\n<\/div>\n\n\n\n<div class=\"wp-block-column is-layout-flow wp-block-column-is-layout-flow\" style=\"padding-right:var(--wp--preset--spacing--30);padding-left:var(--wp--preset--spacing--30)\"><div class=\"wp-block-image icon-style is-style-default\">\n<figure class=\"aligncenter size-full is-resized has-custom-border wp-duotone-unset-3\"><img loading=\"lazy\" decoding=\"async\" width=\"500\" height=\"500\" src=\"https:\/\/xlencuentroriges.corpcerus.org\/wp-content\/uploads\/2024\/08\/3.png\" alt=\"\" class=\"wp-image-73\" style=\"border-radius:0px;width:77px;height:auto\" title=\"\" srcset=\"https:\/\/xlencuentroriges.corpcerus.org\/wp-content\/uploads\/2024\/08\/3.png 500w, https:\/\/xlencuentroriges.corpcerus.org\/wp-content\/uploads\/2024\/08\/3-300x300.png 300w, https:\/\/xlencuentroriges.corpcerus.org\/wp-content\/uploads\/2024\/08\/3-150x150.png 150w\" sizes=\"(max-width: 500px) 100vw, 500px\" \/><\/figure><\/div>\n\n\n<p><\/p>\n\n\n\n<h3 class=\"wp-block-heading has-text-align-center has-neve-text-color-color has-text-color\">Innovar<\/h3>\n\n\n\n<p class=\"has-text-align-center\">Generaci\u00f3n de nuevas estructuras de pensamiento<\/p>\n<\/div>\n<\/div>\n\n\n\n<div class=\"wp-block-cover alignfull has-nv-text-dark-bg-color has-text-color has-link-color wp-elements-cb33fe2c20d528c405764c9af22d738c\" style=\"min-height:420px;aspect-ratio:unset;\"><span aria-hidden=\"true\" class=\"wp-block-cover__background has-nv-dark-bg-background-color has-background-dim-100 has-background-dim\"><\/span><div class=\"wp-block-cover__inner-container is-layout-flow wp-block-cover-is-layout-flow\">\n<div class=\"wp-block-columns is-layout-flex wp-container-core-columns-is-layout-3 wp-block-columns-is-layout-flex\">\n<div class=\"wp-block-column is-vertically-aligned-center ticss-f6fc7494 is-layout-flow wp-block-column-is-layout-flow\"><div class=\"wp-block-image\">\n<figure class=\"aligncenter size-large\"><img loading=\"lazy\" decoding=\"async\" width=\"1024\" height=\"576\" src=\"https:\/\/xlencuentroriges.corpcerus.org\/wp-content\/uploads\/2024\/08\/XI-Encuentro-7-1024x576.png\" alt=\"\" class=\"wp-image-79\" srcset=\"https:\/\/xlencuentroriges.corpcerus.org\/wp-content\/uploads\/2024\/08\/XI-Encuentro-7-1024x576.png 1024w, https:\/\/xlencuentroriges.corpcerus.org\/wp-content\/uploads\/2024\/08\/XI-Encuentro-7-300x169.png 300w, https:\/\/xlencuentroriges.corpcerus.org\/wp-content\/uploads\/2024\/08\/XI-Encuentro-7-768x432.png 768w, https:\/\/xlencuentroriges.corpcerus.org\/wp-content\/uploads\/2024\/08\/XI-Encuentro-7-1536x864.png 1536w, https:\/\/xlencuentroriges.corpcerus.org\/wp-content\/uploads\/2024\/08\/XI-Encuentro-7.png 1920w\" sizes=\"(max-width: 1024px) 100vw, 1024px\" \/><\/figure><\/div><\/div>\n<\/div>\n<\/div><\/div>\n\n\n\n<div style=\"height:100px\" aria-hidden=\"true\" class=\"wp-block-spacer\"><\/div>\n\n\n\n<h2 class=\"wp-block-heading\">RIGES es&#8230;<\/h2>\n\n\n\n<div class=\"wp-block-columns is-layout-flex wp-container-core-columns-is-layout-4 wp-block-columns-is-layout-flex\">\n<div class=\"wp-block-column is-layout-flow wp-block-column-is-layout-flow\">\n<iframe loading=\"lazy\" width=\"560\" height=\"315\" src=\"https:\/\/www.youtube.com\/embed\/qUqfET-bBNk?si=0tzjg93ZcIDs7WeT\" title=\"YouTube video player\" frameborder=\"0\" allow=\"accelerometer; autoplay; clipboard-write; encrypted-media; gyroscope; picture-in-picture; web-share\" referrerpolicy=\"strict-origin-when-cross-origin\" allowfullscreen><\/iframe>\n<\/div>\n\n\n\n<div class=\"wp-block-column is-layout-flow wp-block-column-is-layout-flow\">\n<iframe loading=\"lazy\" width=\"560\" height=\"315\" src=\"https:\/\/www.youtube.com\/embed\/h1F_U5MP-Ps?si=uQMQ1rMUzuEXWSYQ\" title=\"YouTube video player\" frameborder=\"0\" allow=\"accelerometer; autoplay; clipboard-write; encrypted-media; gyroscope; picture-in-picture; web-share\" referrerpolicy=\"strict-origin-when-cross-origin\" allowfullscreen><\/iframe>\n<\/div>\n\n\n\n<div class=\"wp-block-column is-layout-flow wp-block-column-is-layout-flow\">\n<iframe loading=\"lazy\" width=\"560\" height=\"315\" src=\"https:\/\/www.youtube.com\/embed\/efz2lDkLdMU?si=8GuaPbvWgFBQXVp3\" title=\"YouTube video player\" frameborder=\"0\" allow=\"accelerometer; autoplay; clipboard-write; encrypted-media; gyroscope; picture-in-picture; web-share\" referrerpolicy=\"strict-origin-when-cross-origin\" allowfullscreen><\/iframe>\n<\/div>\n<\/div>\n","protected":false},"excerpt":{"rendered":"<p>Gesti\u00f3n de Conocimiento desde y para la Investigaci\u00f3n Aprehender Las realidades sociales y culturales Identificar M\u00e9todos, procesos, estrategias para el aprendizaje Implementar Uso del conocimiento para la resoluci\u00f3n de problemas Innovar Generaci\u00f3n de nuevas estructuras de pensamiento RIGES es&#8230;<\/p>\n","protected":false},"author":1,"featured_media":0,"parent":0,"menu_order":0,"comment_status":"closed","ping_status":"closed","template":"","meta":{"neve_meta_sidebar":"","neve_meta_container":"","neve_meta_enable_content_width":"on","neve_meta_content_width":100,"neve_meta_title_alignment":"","neve_meta_author_avatar":"","neve_post_elements_order":"","neve_meta_disable_header":"","neve_meta_disable_footer":"","neve_meta_disable_title":"on","footnotes":""},"_links":{"self":[{"href":"https:\/\/xlencuentroriges.corpcerus.org\/index.php\/wp-json\/wp\/v2\/pages\/10"}],"collection":[{"href":"https:\/\/xlencuentroriges.corpcerus.org\/index.php\/wp-json\/wp\/v2\/pages"}],"about":[{"href":"https:\/\/xlencuentroriges.corpcerus.org\/index.php\/wp-json\/wp\/v2\/types\/page"}],"author":[{"embeddable":true,"href":"https:\/\/xlencuentroriges.corpcerus.org\/index.php\/wp-json\/wp\/v2\/users\/1"}],"replies":[{"embeddable":true,"href":"https:\/\/xlencuentroriges.corpcerus.org\/index.php\/wp-json\/wp\/v2\/comments?post=10"}],"version-history":[{"count":32,"href":"https:\/\/xlencuentroriges.corpcerus.org\/index.php\/wp-json\/wp\/v2\/pages\/10\/revisions"}],"predecessor-version":[{"id":105,"href":"https:\/\/xlencuentroriges.corpcerus.org\/index.php\/wp-json\/wp\/v2\/pages\/10\/revisions\/105"}],"wp:attachment":[{"href":"https:\/\/xlencuentroriges.corpcerus.org\/index.php\/wp-json\/wp\/v2\/media?parent=10"}],"curies":[{"name":"wp","href":"https:\/\/api.w.org\/{rel}","templated":true}]}}